{"id":994,"date":"2021-05-28T14:57:36","date_gmt":"2021-05-28T12:57:36","guid":{"rendered":"https:\/\/taniagombert.com\/?page_id=994"},"modified":"2026-03-29T15:45:32","modified_gmt":"2026-03-29T13:45:32","slug":"mentions-legales","status":"publish","type":"page","link":"https:\/\/taniagombert.com\/index.php\/mentions-legales\/","title":{"rendered":"MENTIONS LEGALES"},"content":{"rendered":"\t\t<div data-elementor-type=\"wp-page\" data-elementor-id=\"994\" class=\"elementor elementor-994\">\n\t\t\t\t\t\t<section class=\"elementor-section elementor-top-section elementor-element elementor-element-65e4ccc7 elementor-section-content-middle elementor-section-boxed elementor-section-height-default elementor-section-height-default\" data-id=\"65e4ccc7\" data-element_type=\"section\" data-e-type=\"section\" data-settings=\"{&quot;background_background&quot;:&quot;classic&quot;}\">\n\t\t\t\t\t\t\t<div class=\"elementor-background-overlay\"><\/div>\n\t\t\t\t\t\t\t<div class=\"elementor-container elementor-column-gap-no\">\n\t\t\t\t\t<div class=\"elementor-column elementor-col-100 elementor-top-column elementor-element elementor-element-353b4365\" data-id=\"353b4365\" data-element_type=\"column\" data-e-type=\"column\">\n\t\t\t<div class=\"elementor-widget-wrap elementor-element-populated\">\n\t\t\t\t\t\t<div class=\"elementor-element elementor-element-83ab967 elementor-widget elementor-widget-heading\" data-id=\"83ab967\" data-element_type=\"widget\" data-e-type=\"widget\" data-widget_type=\"heading.default\">\n\t\t\t\t<div class=\"elementor-widget-container\">\n\t\t\t\t\t<h4 class=\"elementor-heading-title elementor-size-default\"><a href=\"https:\/\/taniagombert.com\/index.php\/en-toute-authenticite\/\" target=\"_blank\">Faisons connaissance<\/a><\/h4>\t\t\t\t<\/div>\n\t\t\t\t<\/div>\n\t\t\t\t<div class=\"elementor-element elementor-element-62293340 elementor-widget elementor-widget-heading\" data-id=\"62293340\" data-element_type=\"widget\" data-e-type=\"widget\" data-widget_type=\"heading.default\">\n\t\t\t\t<div class=\"elementor-widget-container\">\n\t\t\t\t\t<h5 class=\"elementor-heading-title elementor-size-default\">En quoi puis-je vous aider ?<\/h5>\t\t\t\t<\/div>\n\t\t\t\t<\/div>\n\t\t\t\t\t<\/div>\n\t\t<\/div>\n\t\t\t\t\t<\/div>\n\t\t<\/section>\n\t\t\t\t<section class=\"elementor-section elementor-top-section elementor-element elementor-element-3046ffc4 elementor-section-boxed elementor-section-height-default elementor-section-height-default\" data-id=\"3046ffc4\" data-element_type=\"section\" data-e-type=\"section\">\n\t\t\t\t\t\t<div class=\"elementor-container elementor-column-gap-default\">\n\t\t\t\t\t<div class=\"elementor-column elementor-col-100 elementor-top-column elementor-element elementor-element-13b9cd1a\" data-id=\"13b9cd1a\" data-element_type=\"column\" data-e-type=\"column\">\n\t\t\t<div class=\"elementor-widget-wrap elementor-element-populated\">\n\t\t\t\t\t\t<div class=\"elementor-element elementor-element-5dbc96c4 elementor-widget elementor-widget-text-editor\" data-id=\"5dbc96c4\" data-element_type=\"widget\" data-e-type=\"widget\" data-widget_type=\"text-editor.default\">\n\t\t\t\t<div class=\"elementor-widget-container\">\n\t\t\t\t\t\t\t\t\t\n<p><br>Conform\u00e9ment aux dispositions des articles 6-III et 19 de la Loi n\u00b0 2004-575 du 21 juin 2004 pour la Confiance dans l&rsquo;\u00e9conomie num\u00e9rique, dite L.C.E.N., nous portons \u00e0 la connaissance des utilisateurs et visiteurs du site : <a href=\"https:\/\/taniagombert.com\" target=\"_blank\" rel=\"noreferrer noopener\">taniagombert.com<\/a> les informations suivantes :<\/p>\n\n\n\n<p><strong>\u00c9DITEUR<\/strong><\/p>\n\n\n\n<p>Le site <a href=\"https:\/\/taniagombert.com\" target=\"_blank\" rel=\"noreferrer noopener\">taniagombert.com<\/a>&nbsp;est la propri\u00e9t\u00e9 exclusive de&nbsp;<strong>SASU&nbsp;<\/strong><strong>Tania Gombert<\/strong>, qui l&rsquo;\u00e9dite.<\/p>\n\n\n\n<p><strong>Tania Gombert<\/strong><br><strong>SASU <\/strong>au capital de <strong>10 000 <\/strong>\u20ac<\/p>\n\n\n\n<p><strong>18, rue Anatole France&nbsp;95120 Ermont<\/strong><br>Immatricul\u00e9e au Registre du Commerce et des Soci\u00e9t\u00e9s de&nbsp;&nbsp;<strong>Pontoise <\/strong>sous le num\u00e9ro <strong>899 575 757<\/strong><\/p>\n\n\n\n<p>Num\u00e9ro TVA intracommunautaire : <strong>FR73899575757<\/strong><br>Adresse de courrier \u00e9lectronique : <strong>tania@taniagombert.com<\/strong>&nbsp;<br>&nbsp;<br>Directeur de la&nbsp; publication&nbsp;: <strong>Tania Gombert<\/strong><br>Contactez le responsable de la publication : <strong>tania@taniagombert.com<\/strong><\/p>\n\n\n\n<p><strong>H\u00c9BERGEMENT<\/strong><\/p>\n\n\n\n<p>Le site est h\u00e9berg\u00e9\u00a0par\u00a0<strong>hostinger https:\/\/www.hostinger.fr\/ 6023 Larnaca<\/strong><br><strong>CREDITS :<\/strong> les mentions l\u00e9gales ont \u00e9t\u00e9s g\u00e9n\u00e9r\u00e9es par <strong><a href=\"https:\/\/www.generer-mentions-legales.com\">mentions l\u00e9gales<\/a><\/strong><br><\/p>\n\n\n\n<p><strong>DESCRIPTION DES SERVICES FOURNIS<\/strong><\/p>\n\n\n\n<p>Le site <a href=\"https:\/\/taniagombert.com\" target=\"_blank\" rel=\"noreferrer noopener\">taniagombert.com<\/a> a pour objet de fournir une information concernant l\u2019ensemble des activit\u00e9s de la soci\u00e9t\u00e9. Le proprietaire du site s\u2019efforce de fournir sur le site <a href=\"https:\/\/taniagombert.com\" target=\"_blank\" rel=\"noreferrer noopener\">taniagombert.com<\/a> des informations aussi pr\u00e9cises que possible. Toutefois, il ne pourra \u00eatre tenue responsable des omissions, des inexactitudes et des carences dans la mise \u00e0 jour, qu\u2019elles soient de son fait ou du fait des tiers partenaires qui lui fournissent ces informations. Tous les informations propos\u00e9es sur le site <a href=\"https:\/\/taniagombert.com\" target=\"_blank\" rel=\"noreferrer noopener\">taniagombert.com<\/a> sont donn\u00e9es \u00e0 titre indicatif, sont non exhaustives, et sont susceptibles d\u2019\u00e9voluer. Elles sont donn\u00e9es sous r\u00e9serve de modifications ayant \u00e9t\u00e9 apport\u00e9es depuis leur mise en ligne.&nbsp;&nbsp;<\/p>\n\n\n\n<p><strong>PROPRI\u00c9T\u00c9 INTELLECTUELLE ET CONTREFA\u00c7ONS<\/strong><\/p>\n\n\n\n<p>Le proprietaire du site est propri\u00e9taire des droits de propri\u00e9t\u00e9 intellectuelle ou d\u00e9tient les droits d\u2019usage sur tous les \u00e9l\u00e9ments accessibles sur le site, notamment les textes, images, graphismes, logo, ic\u00f4nes, sons, logiciels\u2026 Toute reproduction, repr\u00e9sentation, modification, publication, adaptation totale ou partielle des \u00e9l\u00e9ments du site, quel que soit le moyen ou le proc\u00e9d\u00e9 utilis\u00e9, est interdite, sauf autorisation \u00e9crite pr\u00e9alable \u00e0 l&#8217;email : tania@taniagombert.com&nbsp;&nbsp;. Toute exploitation non autoris\u00e9e du site ou de l\u2019un quelconque de ces \u00e9l\u00e9ments qu\u2019il contient sera consid\u00e9r\u00e9e comme constitutive d\u2019une contrefa\u00e7on et poursuivie conform\u00e9ment aux dispositions des articles L.335-2 et suivants du Code de Propri\u00e9t\u00e9 Intellectuelle. &nbsp;<\/p>\n\n\n\n<p><strong>LIENS HYPERTEXTES ET COOKIES<\/strong><\/p>\n\n\n\n<p>Le site <a href=\"https:\/\/taniagombert.com\" target=\"_blank\" rel=\"noreferrer noopener\">taniagombert.com<\/a> contient un certain nombre de liens hypertextes vers d\u2019autres sites (partenaires, informations \u2026) mis en place avec l\u2019autorisation de le proprietaire du site . Cependant, le proprietaire du site n\u2019a pas la possibilit\u00e9 de v\u00e9rifier le contenu des sites ainsi visit\u00e9s&nbsp; et d\u00e9cline donc toute responsabilit\u00e9 de ce fait quand aux risques \u00e9ventuels de contenus illicites. L\u2019utilisateur est inform\u00e9 que lors de ses visites sur le site <a href=\"https:\/\/taniagombert.com\" target=\"_blank\" rel=\"noreferrer noopener\">taniagombert.com<\/a>, un ou des cookies sont susceptible de s\u2019installer automatiquement sur son ordinateur. Un cookie est un fichier de petite taille, qui ne permet pas l\u2019identification de l\u2019utilisateur, mais qui enregistre des informations relatives \u00e0 la navigation d\u2019un ordinateur sur un site. Les donn\u00e9es ainsi obtenues visent \u00e0 faciliter la navigation ult\u00e9rieure sur le site, et ont \u00e9galement vocation \u00e0 permettre diverses mesures de fr\u00e9quentation. Le param\u00e9trage du logiciel de navigation permet d\u2019informer de la pr\u00e9sence de cookie et \u00e9ventuellement, de refuser de la mani\u00e8re d\u00e9crite \u00e0 l\u2019adresse suivante : www.cnil.fr Le refus d\u2019installation d\u2019un cookie peut entra\u00eener l\u2019impossibilit\u00e9 d\u2019acc\u00e9der \u00e0 certains services. L\u2019utilisateur peut toutefois configurer son ordinateur de la mani\u00e8re suivante, pour refuser l\u2019installation des cookies : Sous Internet Explorer : onglet outil \/ options internet. Cliquez sur Confidentialit\u00e9 et choisissez Bloquer tous les cookies. Validez sur Ok. Sous Netscape : onglet \u00e9dition \/ pr\u00e9f\u00e9rences. Cliquez sur Avanc\u00e9es et choisissez D\u00e9sactiver les cookies. Validez sur Ok. &nbsp;<\/p>\n\n\n\n<p><strong>PROTECTION DES BIENS ET DES PERSONNES &#8211; GESTION DES DONN\u00c9ES PERSONNELLES<\/strong><\/p>\n\n\n\n<p>Utilisateur : Internaute se connectant, utilisant le site susnomm\u00e9 : <a href=\"https:\/\/taniagombert.com\" target=\"_blank\" rel=\"noreferrer noopener\">taniagombert.com<\/a> En France, les donn\u00e9es personnelles sont notamment prot\u00e9g\u00e9es par la loi n\u00b0 78-87 du 6 janvier 1978, la loi n\u00b0 2004-801 du 6 ao\u00fbt 2004, l&rsquo;article L. 226-13 du Code p\u00e9nal et la Directive Europ\u00e9enne du 24 octobre 1995.<\/p>\n\n\n\n<p>Sur le site <a href=\"https:\/\/taniagombert.com\" target=\"_blank\" rel=\"noreferrer noopener\">taniagombert.com<\/a>, le proprietaire du site ne collecte des informations personnelles relatives \u00e0 l&rsquo;utilisateur que pour le besoin de certains services propos\u00e9s par le site <a href=\"https:\/\/taniagombert.com\" target=\"_blank\" rel=\"noreferrer noopener\">taniagombert.com<\/a>. L&rsquo;utilisateur fournit ces informations en toute connaissance de cause, notamment lorsqu&rsquo;il proc\u00e8de par lui-m\u00eame \u00e0 leur saisie. Il est alors pr\u00e9cis\u00e9 \u00e0 l&rsquo;utilisateur du site <a href=\"https:\/\/taniagombert.com\" target=\"_blank\" rel=\"noreferrer noopener\">taniagombert.com<\/a> l\u2019obligation ou non de fournir ces informations. Conform\u00e9ment aux dispositions des articles 38 et suivants de la loi 78-17 du 6 janvier 1978 relative \u00e0 l\u2019informatique, aux fichiers et aux libert\u00e9s, tout utilisateur dispose d\u2019un droit d\u2019acc\u00e8s, de rectification, de suppression et d\u2019opposition aux donn\u00e9es personnelles le concernant. Pour l\u2019exercer, adressez votre demande \u00e0 <a href=\"https:\/\/taniagombert.com\" target=\"_blank\" rel=\"noreferrer noopener\">taniagombert.com<\/a> par email : email du webmaster ou&nbsp; en effectuant sa demande \u00e9crite et sign\u00e9e, accompagn\u00e9e d\u2019une copie du titre d\u2019identit\u00e9 avec signature du titulaire de la pi\u00e8ce, en pr\u00e9cisant l\u2019adresse \u00e0 laquelle la r\u00e9ponse doit \u00eatre envoy\u00e9e.<\/p>\n\n\n\n<p>Aucune information personnelle de l&rsquo;utilisateur du site <a href=\"https:\/\/taniagombert.com\" target=\"_blank\" rel=\"noreferrer noopener\">taniagombert.com<\/a> n&rsquo;est publi\u00e9e \u00e0 l&rsquo;insu de l&rsquo;utilisateur, \u00e9chang\u00e9e, transf\u00e9r\u00e9e, c\u00e9d\u00e9e ou vendue sur un support quelconque \u00e0 des tiers. Seule l&rsquo;hypoth\u00e8se du rachat du site <a href=\"https:\/\/taniagombert.com\" target=\"_blank\" rel=\"noreferrer noopener\">taniagombert.com<\/a> \u00e0 le proprietaire du site et de ses droits permettrait la transmission des dites informations \u00e0 l&rsquo;\u00e9ventuel acqu\u00e9reur qui serait \u00e0 son tour tenu de la m\u00eame obligation de conservation et de modification des donn\u00e9es vis \u00e0 vis de l&rsquo;utilisateur du site <a href=\"https:\/\/taniagombert.com\" target=\"_blank\" rel=\"noreferrer noopener\">taniagombert.com<\/a>.<\/p>\n\n\n\n<p>Le site <a href=\"https:\/\/taniagombert.com\" target=\"_blank\" rel=\"noreferrer noopener\">taniagombert.com<\/a> est en conformit\u00e9 avec le RGPD voir notre politique RGPD&nbsp; <a href=\"https:\/\/taniagombert.com\/index.php\/privacy-policy\/\">https:\/\/taniagombert.com\/index.php\/privacy-policy\/<\/a>.<\/p>\n\n\n\n<p>Les bases de donn\u00e9es sont prot\u00e9g\u00e9es par les dispositions de la loi du 1er juillet 1998 transposant la directive 96\/9 du 11 mars 1996 relative \u00e0 la protection juridique des bases de donn\u00e9es.<\/p>\n\t\t\t\t\t\t\t\t<\/div>\n\t\t\t\t<\/div>\n\t\t\t\t\t<\/div>\n\t\t<\/div>\n\t\t\t\t\t<\/div>\n\t\t<\/section>\n\t\t\t\t<section class=\"elementor-section elementor-top-section elementor-element elementor-element-b84e981 elementor-section-boxed elementor-section-height-default elementor-section-height-default\" data-id=\"b84e981\" data-element_type=\"section\" data-e-type=\"section\">\n\t\t\t\t\t\t<div class=\"elementor-container elementor-column-gap-default\">\n\t\t\t\t\t<div class=\"elementor-column elementor-col-100 elementor-top-column elementor-element elementor-element-4d52f25\" data-id=\"4d52f25\" data-element_type=\"column\" data-e-type=\"column\">\n\t\t\t<div class=\"elementor-widget-wrap elementor-element-populated\">\n\t\t\t\t\t\t<div class=\"elementor-element elementor-element-fa88c5f elementor-widget elementor-widget-spacer\" data-id=\"fa88c5f\" data-element_type=\"widget\" data-e-type=\"widget\" data-widget_type=\"spacer.default\">\n\t\t\t\t<div class=\"elementor-widget-container\">\n\t\t\t\t\t\t\t<div class=\"elementor-spacer\">\n\t\t\t<div class=\"elementor-spacer-inner\"><\/div>\n\t\t<\/div>\n\t\t\t\t\t\t<\/div>\n\t\t\t\t<\/div>\n\t\t\t\t\t<\/div>\n\t\t<\/div>\n\t\t\t\t\t<\/div>\n\t\t<\/section>\n\t\t\t\t<section class=\"elementor-section elementor-top-section elementor-element elementor-element-4e23c910 elementor-section-content-middle elementor-section-boxed elementor-section-height-default elementor-section-height-default\" data-id=\"4e23c910\" data-element_type=\"section\" data-e-type=\"section\" data-settings=\"{&quot;background_background&quot;:&quot;classic&quot;}\">\n\t\t\t\t\t\t<div class=\"elementor-container elementor-column-gap-no\">\n\t\t\t\t\t<div class=\"elementor-column elementor-col-50 elementor-top-column elementor-element elementor-element-148be28f\" data-id=\"148be28f\" data-element_type=\"column\" data-e-type=\"column\">\n\t\t\t<div class=\"elementor-widget-wrap elementor-element-populated\">\n\t\t\t\t\t\t<div class=\"elementor-element elementor-element-3f52e949 elementor-widget elementor-widget-heading\" data-id=\"3f52e949\" data-element_type=\"widget\" data-e-type=\"widget\" data-widget_type=\"heading.default\">\n\t\t\t\t<div class=\"elementor-widget-container\">\n\t\t\t\t\t<h3 class=\"elementor-heading-title elementor-size-default\"><a href=\"https:\/\/ouvrage.taniagombert.com\/lemondeestinjusteetalors\/\" target=\"_blank\">Mon ouvrage<\/a><\/h3>\t\t\t\t<\/div>\n\t\t\t\t<\/div>\n\t\t\t\t<div class=\"elementor-element elementor-element-55cb72a4 elementor-widget elementor-widget-text-editor\" data-id=\"55cb72a4\" data-element_type=\"widget\" data-e-type=\"widget\" data-widget_type=\"text-editor.default\">\n\t\t\t\t<div class=\"elementor-widget-container\">\n\t\t\t\t\t\t\t\t\t<p>Petit trait\u00e9 sur la valence diff\u00e9rentielle : Racisme, F\u00e9minisme et Capital Culturel<\/p>\t\t\t\t\t\t\t\t<\/div>\n\t\t\t\t<\/div>\n\t\t\t\t\t<\/div>\n\t\t<\/div>\n\t\t\t\t<div class=\"elementor-column elementor-col-50 elementor-top-column elementor-element elementor-element-220a62d2\" data-id=\"220a62d2\" data-element_type=\"column\" data-e-type=\"column\">\n\t\t\t<div class=\"elementor-widget-wrap elementor-element-populated\">\n\t\t\t\t\t\t<div class=\"elementor-element elementor-element-521624da elementor-widget elementor-widget-image\" data-id=\"521624da\" data-element_type=\"widget\" data-e-type=\"widget\" data-widget_type=\"image.default\">\n\t\t\t\t<div class=\"elementor-widget-container\">\n\t\t\t\t\t\t\t\t\t\t\t\t\t\t\t\t<a href=\"https:\/\/ouvrage.taniagombert.com\/lemondeestinjusteetalors\/\" target=\"_blank\" egalit=\"\">\n\t\t\t\t\t\t\t<img fetchpriority=\"high\" decoding=\"async\" width=\"1024\" height=\"402\" src=\"https:\/\/taniagombert.com\/wp-content\/uploads\/2024\/03\/Signature-Livre-1-1024x402.webp\" class=\"attachment-large size-large wp-image-3040\" alt=\"\" srcset=\"https:\/\/taniagombert.com\/wp-content\/uploads\/2024\/03\/Signature-Livre-1-1024x402.webp 1024w, https:\/\/taniagombert.com\/wp-content\/uploads\/2024\/03\/Signature-Livre-1-300x118.webp 300w, https:\/\/taniagombert.com\/wp-content\/uploads\/2024\/03\/Signature-Livre-1-768x301.webp 768w, https:\/\/taniagombert.com\/wp-content\/uploads\/2024\/03\/Signature-Livre-1-1536x603.webp 1536w, https:\/\/taniagombert.com\/wp-content\/uploads\/2024\/03\/Signature-Livre-1.webp 1600w\" sizes=\"(max-width: 1024px) 100vw, 1024px\" \/>\t\t\t\t\t\t\t\t<\/a>\n\t\t\t\t\t\t\t\t\t\t\t\t\t\t\t<\/div>\n\t\t\t\t<\/div>\n\t\t\t\t\t<\/div>\n\t\t<\/div>\n\t\t\t\t\t<\/div>\n\t\t<\/section>\n\t\t\t\t<section class=\"elementor-section elementor-top-section elementor-element elementor-element-amazon_legal_sec elementor-section-boxed elementor-section-height-default elementor-section-height-default\" data-id=\"amazon_legal_sec\" data-element_type=\"section\" data-e-type=\"section\" data-settings=\"{&quot;background_background&quot;:&quot;classic&quot;}\">\n\t\t\t\t\t\t<div class=\"elementor-container elementor-column-gap-no\">\n\t\t\t\t\t<div class=\"elementor-column elementor-col-100 elementor-top-column elementor-element elementor-element-amazon_legal_col\" data-id=\"amazon_legal_col\" data-element_type=\"column\" data-e-type=\"column\">\n\t\t\t<div class=\"elementor-widget-wrap elementor-element-populated\">\n\t\t\t\t\t\t<div class=\"elementor-element elementor-element-amazon_legal_h elementor-widget elementor-widget-heading\" data-id=\"amazon_legal_h\" data-element_type=\"widget\" data-e-type=\"widget\" data-widget_type=\"heading.default\">\n\t\t\t\t<div class=\"elementor-widget-container\">\n\t\t\t\t\t<h2 class=\"elementor-heading-title elementor-size-default\">Programme Amazon Partenaires<\/h2>\t\t\t\t<\/div>\n\t\t\t\t<\/div>\n\t\t\t\t<div class=\"elementor-element elementor-element-amazon_legal_txt elementor-widget elementor-widget-text-editor\" data-id=\"amazon_legal_txt\" data-element_type=\"widget\" data-e-type=\"widget\" data-widget_type=\"text-editor.default\">\n\t\t\t\t<div class=\"elementor-widget-container\">\n\t\t\t\t\t\t\t\t\t<p>Ce site participe au Programme Partenaires d&rsquo;Amazon EU, un programme d&rsquo;affiliation con\u00e7u pour permettre \u00e0 des sites de percevoir une r\u00e9mun\u00e9ration gr\u00e2ce \u00e0 la cr\u00e9ation de liens vers Amazon.fr. En tant que Partenaire Amazon, je r\u00e9alise un b\u00e9n\u00e9fice sur les achats remplissant les conditions requises, sans co\u00fbt suppl\u00e9mentaire pour vous.<\/p>\t\t\t\t\t\t\t\t<\/div>\n\t\t\t\t<\/div>\n\t\t\t\t\t<\/div>\n\t\t<\/div>\n\t\t\t\t\t<\/div>\n\t\t<\/section>\n\t\t\t\t<\/div>\n\t\t","protected":false},"excerpt":{"rendered":"<p>Faisons connaissance En quoi puis-je vous aider ? Conform\u00e9ment aux dispositions des articles 6-III et 19 de la Loi n\u00b0 2004-575 du 21 juin 2004 pour la Confiance dans l&rsquo;\u00e9conomie num\u00e9rique, dite L.C.E.N., nous portons \u00e0 la connaissance des utilisateurs et visiteurs du site : taniagombert.com les informations suivantes : \u00c9DITEUR Le site taniagombert.com&nbsp;est la[&hellip;]<\/p>\n","protected":false},"author":1,"featured_media":0,"parent":0,"menu_order":0,"comment_status":"closed","ping_status":"closed","template":"","meta":{"zakra_general_container_width":0,"zakra_general_content_width":0,"zakra_general_sidebar_width":0,"zakra_sticky_header":"customizer","zakra_header_main_area":true,"zakra_site_logo_width":0,"zakra_header_top_enabled":"customizer","zakra_header_top_style":"customizer","zakra_primary_menu_item_style":"customizer","zakra_page_header_text_color":"","zakra_page_header_layout":"customizer","zakra_page_title_bg":"","zakra_footer_widgets_bg_image":0,"zakra_page_title_bg_repeat":"customizer","zakra_page_title_bg_position":"customizer","zakra_page_title_bg_size":"customizer","zakra_page_title_bg_attachment":"customizer","zakra_breadcrumbs_enabled":"customizer","zakra_breadcrumbs_text_color":"","zakra_breadcrumbs_separator_color":"","zakra_breadcrumbs_link_color":"","zakra_breadcrumbs_link_hover_color":"","zakra_page_title_bg_image":0,"zakra_footer_widgets_enabled":"customizer","zakra_footer_column_layout_1_style":"customizer","zakra_footer_widgets_bg":"","zakra_footer_widgets_bg_repeat":"customizer","zakra_footer_widgets_bg_position":"customizer","zakra_footer_widgets_bg_size":"customizer","zakra_footer_widgets_bg_attachment":"customizer","zakra_footer_bar_enabled":"customizer","zakra_footer_bar_style":"customizer","zakra_page_container_layout":"customizer","zakra_page_sidebar_layout":"customizer","zakra_remove_content_margin":false,"zakra_sidebar":"customizer","zakra_transparent_header":"customizer","zakra_logo":0,"zakra_main_header_style":"default","zakra_menu_item_color":"","zakra_menu_item_hover_color":null,"zakra_menu_item_active_color":"","zakra_menu_active_style":"","zakra_page_header":true,"om_disable_all_campaigns":false,"_uf_show_specific_survey":0,"_uf_disable_surveys":false,"footnotes":""},"class_list":["post-994","page","type-page","status-publish","hentry"],"aioseo_notices":[],"_links":{"self":[{"href":"https:\/\/taniagombert.com\/index.php\/wp-json\/wp\/v2\/pages\/994","targetHints":{"allow":["GET"]}}],"collection":[{"href":"https:\/\/taniagombert.com\/index.php\/wp-json\/wp\/v2\/pages"}],"about":[{"href":"https:\/\/taniagombert.com\/index.php\/wp-json\/wp\/v2\/types\/page"}],"author":[{"embeddable":true,"href":"https:\/\/taniagombert.com\/index.php\/wp-json\/wp\/v2\/users\/1"}],"replies":[{"embeddable":true,"href":"https:\/\/taniagombert.com\/index.php\/wp-json\/wp\/v2\/comments?post=994"}],"version-history":[{"count":14,"href":"https:\/\/taniagombert.com\/index.php\/wp-json\/wp\/v2\/pages\/994\/revisions"}],"predecessor-version":[{"id":4743,"href":"https:\/\/taniagombert.com\/index.php\/wp-json\/wp\/v2\/pages\/994\/revisions\/4743"}],"wp:attachment":[{"href":"https:\/\/taniagombert.com\/index.php\/wp-json\/wp\/v2\/media?parent=994"}],"curies":[{"name":"wp","href":"https:\/\/api.w.org\/{rel}","templated":true}]}}